{"id":16664,"date":"2025-11-13T18:39:06","date_gmt":"2025-11-13T17:39:06","guid":{"rendered":"https:\/\/doria-bijoux.com\/produits\/gourmette-trio-louiza-imperiale\/"},"modified":"2026-04-10T15:47:36","modified_gmt":"2026-04-10T14:47:36","slug":"gourmette-trio-louiza-imperiale","status":"publish","type":"product","link":"https:\/\/doria-bijoux.com\/ar_dz\/produits\/gourmette-trio-louiza-imperiale\/","title":{"rendered":"Gourmette 3 Louiza en Acier Inoxydable 316L"},"content":{"rendered":"<h2>\u0633\u0648\u0627\u0631 \u0633\u0644\u0633\u0644\u0629 \u0628\u062b\u0644\u0627\u062b \u0645\u064a\u062f\u0627\u0644\u064a\u0627\u062a - \u0645\u0635\u0646\u0648\u0639 \u0645\u0646 \u0627\u0644\u0641\u0648\u0644\u0627\u0630 \u0627\u0644\u0645\u0642\u0627\u0648\u0645 \u0644\u0644\u0635\u062f\u0623\u060c \u0648\u0644\u0645\u0639\u0627\u0646 \u064a\u062f\u0648\u0645 \u0637\u0648\u064a\u0644\u0627\u064b<\/h2>\n<p>\u0633\u0648\u0627\u0631 \u0623\u0646\u062b\u0648\u064a \u0628\u0644\u0645\u0633\u0629 \u0639\u062a\u064a\u0642\u0629 \u0633\u0627\u062d\u0631\u0629: \u062b\u0644\u0627\u062b \u0645\u064a\u062f\u0627\u0644\u064a\u0627\u062a \"\u0644\u0648\u064a\u0632\u0627\" \u0645\u0635\u0645\u0645\u0629 \u0639\u0644\u0649 \u0637\u0631\u0627\u0632 \u0627\u0644\u0639\u0645\u0644\u0627\u062a \u0627\u0644\u0642\u062f\u064a\u0645\u0629\u060c \u0645\u0639\u0644\u0642\u0629 \u0628\u0633\u0644\u0633\u0644\u0629 \u0644\u0627\u0645\u0639\u0629. \u064a\u062d\u0627\u0641\u0638 \u0627\u0644\u0641\u0648\u0644\u0627\u0630 \u0627\u0644\u0645\u0642\u0627\u0648\u0645 \u0644\u0644\u0635\u062f\u0623 \u0639\u0644\u0649 \u0628\u0631\u064a\u0642\u0647 \u064a\u0648\u0645\u064a\u064b\u0627\u060c \u0648\u0644\u0627 \u064a\u0641\u0642\u062f \u0628\u0631\u064a\u0642\u0647\u060c \u0648\u064a\u0628\u0642\u0649 \u0644\u0637\u064a\u0641\u064b\u0627 \u0639\u0644\u0649 \u0627\u0644\u0628\u0634\u0631\u0629.<\/p>\n<h2>\u0645\u062c\u0648\u0647\u0631\u0627\u062a \u062c\u0632\u0627\u0626\u0631\u064a\u0629 \u0623\u0646\u064a\u0642\u0629 - \u0633\u0647\u0644\u0629 \u0627\u0644\u0625\u0647\u062f\u0627\u0621\u060c \u0633\u0647\u0644\u0629 \u0627\u0644\u0627\u0631\u062a\u062f\u0627\u0621<\/h2>\n<p>\u0645\u062b\u0627\u0644\u064a\u0629 \u0644\u0625\u0636\u0641\u0627\u0621 \u0644\u0645\u0633\u0629 \u0645\u0645\u064a\u0632\u0629 \u0639\u0644\u0649 \u0625\u0637\u0644\u0627\u0644\u062a\u0643 \u0627\u0644\u0646\u0647\u0627\u0631\u064a\u0629 \u0623\u0648 \u0627\u0644\u0645\u0633\u0627\u0626\u064a\u0629 \u0623\u0648 \u0645\u0646\u0627\u0633\u0628\u062a\u0643 \u0627\u0644\u062e\u0627\u0635\u0629 (\u062e\u0637\u0648\u0628\u0629\u060c \u062d\u0641\u0644\u0629). \u062d\u0631\u0643\u062a\u0647\u0627 \u0627\u0644\u0627\u0646\u0633\u064a\u0627\u0628\u064a\u0629 \u062a\u0644\u062a\u0642\u0637 \u0627\u0644\u0636\u0648\u0621 \u062f\u0648\u0646 \u0645\u0628\u0627\u0644\u063a\u0629: \u062a\u0635\u0645\u064a\u0645 \u0643\u0644\u0627\u0633\u064a\u0643\u064a \u064a\u0646\u0627\u0633\u0628 \u062c\u0645\u064a\u0639 \u0623\u062d\u062c\u0627\u0645 \u0627\u0644\u0645\u0639\u0635\u0645 \u0628\u0641\u0636\u0644 \u0633\u0644\u0633\u0644\u062a\u0647\u0627 \u0627\u0644\u0642\u0627\u0628\u0644\u0629 \u0644\u0644\u062a\u0639\u062f\u064a\u0644.<\/p>\n<h3>\u0645\u0645\u064a\u0632\u0627\u062a \u063a\u0648\u0631\u0645\u0627\u062a<\/h3>\n<ul>\n<li>\u0627\u0644\u0645\u0627\u062f\u0629: \u0641\u0648\u0644\u0627\u0630 \u0645\u0642\u0627\u0648\u0645 \u0644\u0644\u0635\u062f\u0623 \u0639\u0627\u0644\u064a \u0627\u0644\u062c\u0648\u062f\u0629 \u0648\u0645\u0636\u0627\u062f \u0644\u0644\u062d\u0633\u0627\u0633\u064a\u0629<\/li>\n<li>\u0627\u0644\u0644\u0645\u0633\u0629 \u0627\u0644\u0646\u0647\u0627\u0626\u064a\u0629: \u0637\u0644\u0627\u0621 \u0630\u0647\u0628\u064a \u0644\u0627\u0645\u0639\u060c \u062a\u0644\u0645\u064a\u0639 \u0645\u0631\u0622\u0629 \u064a\u062f\u0648\u0645 \u0637\u0648\u064a\u0644\u0627\u064b<\/li>\n<li>\u0627\u0644\u062a\u0635\u0645\u064a\u0645: \u0633\u0644\u0633\u0644\u0629 \u0643\u0628\u062d + 3 \u0645\u064a\u062f\u0627\u0644\u064a\u0627\u062a \u0644\u0648\u064a\u0632\u0627 \u0639\u0644\u0649 \u0637\u0631\u0627\u0632 \u0627\u0644\u0639\u0645\u0644\u0627\u062a \u0627\u0644\u0645\u0639\u062f\u0646\u064a\u0629 \u0627\u0644\u0642\u062f\u064a\u0645\u0629<\/li>\n<li>\u0627\u0644\u0631\u0627\u062d\u0629: \u062e\u0641\u064a\u0641 \u0627\u0644\u0648\u0632\u0646\u060c \u0648\u0645\u0631\u064a\u062d \u0637\u0648\u0627\u0644 \u0627\u0644\u064a\u0648\u0645<\/li>\n<li>\u0627\u0644\u062a\u0639\u062f\u064a\u0644: \u0637\u0648\u0644 \u0642\u0627\u0628\u0644 \u0644\u0644\u062a\u0639\u062f\u064a\u0644 \u0628\u0648\u0627\u0633\u0637\u0629 \u0633\u0644\u0633\u0644\u0629 \u062a\u0645\u062f\u064a\u062f<\/li>\n<li>\u0627\u0644\u0645\u062a\u0627\u0646\u0629: \u0644\u0627 \u064a\u062a\u063a\u064a\u0631 \u0644\u0648\u0646\u0647\u060c \u0648\u064a\u0642\u0627\u0648\u0645 \u0627\u0644\u0645\u0627\u0621 \u0627\u0644\u0645\u0633\u062a\u062e\u062f\u0645 \u064a\u0648\u0645\u064a\u0627\u064b.<\/li>\n<li>\u062a\u0639\u0644\u064a\u0645\u0627\u062a \u0627\u0644\u0639\u0646\u0627\u064a\u0629: \u0627\u0645\u0633\u062d \u0628\u0642\u0637\u0639\u0629 \u0642\u0645\u0627\u0634 \u0646\u0627\u0639\u0645\u0629 (\u062a\u062c\u0646\u0628 \u0633\u0643\u0628 \u0627\u0644\u0639\u0637\u0648\u0631 \u0645\u0628\u0627\u0634\u0631\u0629)<\/li>\n<\/ul>","protected":false},"excerpt":{"rendered":"<p>Bracelet gourmette 3 m\u00e9daillons \u2014 acier inox, \u00e9clat durable Un bracelet f\u00e9minin au charme vintage : trois m\u00e9daillons \u00ab Louiza \u00bb frapp\u00e9s fa\u00e7on monnaie ancienne, suspendus sur une cha\u00eene gourmette lumineuse. L\u2019acier inoxydable conserve sa brillance au quotidien, ne noircit pas et reste confortable sur la peau. Bijou alg\u00e9rien chic \u2014 facile \u00e0 offrir, simple [&hellip;]<\/p>\n","protected":false},"featured_media":16663,"comment_status":"open","ping_status":"closed","template":"","meta":{"inline_featured_image":false,"jetpack_publicize_message":"","jetpack_publicize_feature_enabled":true,"jetpack_social_post_already_shared":true,"jetpack_social_options":{"image_generator_settings":{"template":"highway","default_image_id":0,"font":"","enabled":false},"version":2}},"product_brand":[],"product_cat":[362,363,369,360],"product_tag":[],"class_list":{"0":"post-16664","1":"product","2":"type-product","3":"status-publish","4":"has-post-thumbnail","6":"product_cat-bijouterie-alger","7":"product_cat-bijouterie-oran","8":"product_cat-gourmette","9":"product_cat-bijoux","11":"first","12":"instock","13":"sale","14":"purchasable","15":"product-type-simple"},"yoast_head":"<!-- This site is optimized with the Yoast SEO plugin v27.3 - https:\/\/yoast.com\/product\/yoast-seo-wordpress\/ -->\n<title>Gourmette 3 Louiza en Acier Inoxydable 316L | Doria Bijoux<\/title>\n<meta name=\"robots\" content=\"index, follow, max-snippet:-1, max-image-preview:large, max-video-preview:-1\" \/>\n<link rel=\"canonical\" href=\"https:\/\/doria-bijoux.com\/ar_dz\/produits\/gourmette-trio-louiza-imperiale\/\" \/>\n<script type=\"application\/ld+json\" class=\"yoast-schema-graph\">{\"@context\":\"https:\\\/\\\/schema.org\",\"@graph\":[{\"@type\":\"WebPage\",\"@id\":\"https:\\\/\\\/doria-bijoux.com\\\/produits\\\/gourmette-trio-louiza-imperiale\\\/\",\"url\":\"https:\\\/\\\/doria-bijoux.com\\\/produits\\\/gourmette-trio-louiza-imperiale\\\/\",\"name\":\"Gourmette 3 Louiza en Acier Inoxydable 316L | Doria Bijoux\",\"isPartOf\":{\"@id\":\"https:\\\/\\\/doria-bijoux.com\\\/#website\"},\"primaryImageOfPage\":{\"@id\":\"https:\\\/\\\/doria-bijoux.com\\\/produits\\\/gourmette-trio-louiza-imperiale\\\/#primaryimage\"},\"image\":{\"@id\":\"https:\\\/\\\/doria-bijoux.com\\\/produits\\\/gourmette-trio-louiza-imperiale\\\/#primaryimage\"},\"thumbnailUrl\":\"https:\\\/\\\/doria-bijoux.com\\\/wp-content\\\/uploads\\\/2025\\\/11\\\/img_8524-1.jpeg\",\"datePublished\":\"2025-11-13T17:39:06+00:00\",\"dateModified\":\"2026-04-10T14:47:36+00:00\",\"breadcrumb\":{\"@id\":\"https:\\\/\\\/doria-bijoux.com\\\/produits\\\/gourmette-trio-louiza-imperiale\\\/#breadcrumb\"},\"inLanguage\":\"ar\",\"potentialAction\":[{\"@type\":\"ReadAction\",\"target\":[\"https:\\\/\\\/doria-bijoux.com\\\/produits\\\/gourmette-trio-louiza-imperiale\\\/\"]}]},{\"@type\":\"ImageObject\",\"inLanguage\":\"ar\",\"@id\":\"https:\\\/\\\/doria-bijoux.com\\\/produits\\\/gourmette-trio-louiza-imperiale\\\/#primaryimage\",\"url\":\"https:\\\/\\\/doria-bijoux.com\\\/wp-content\\\/uploads\\\/2025\\\/11\\\/img_8524-1.jpeg\",\"contentUrl\":\"https:\\\/\\\/doria-bijoux.com\\\/wp-content\\\/uploads\\\/2025\\\/11\\\/img_8524-1.jpeg\",\"width\":1198,\"height\":1280},{\"@type\":\"BreadcrumbList\",\"@id\":\"https:\\\/\\\/doria-bijoux.com\\\/produits\\\/gourmette-trio-louiza-imperiale\\\/#breadcrumb\",\"itemListElement\":[{\"@type\":\"ListItem\",\"position\":1,\"name\":\"Accueil\",\"item\":\"https:\\\/\\\/doria-bijoux.com\\\/\"},{\"@type\":\"ListItem\",\"position\":2,\"name\":\"Produits\",\"item\":\"https:\\\/\\\/doria-bijoux.com\\\/shop\\\/\"},{\"@type\":\"ListItem\",\"position\":3,\"name\":\"Gourmette 3 Louiza en Acier Inoxydable 316L\"}]},{\"@type\":\"WebSite\",\"@id\":\"https:\\\/\\\/doria-bijoux.com\\\/#website\",\"url\":\"https:\\\/\\\/doria-bijoux.com\\\/\",\"name\":\"Bijouterie Plaqu\u00e9 Or\",\"description\":\"Boutique de Bijoux de Luxe\",\"publisher\":{\"@id\":\"https:\\\/\\\/doria-bijoux.com\\\/#organization\"},\"potentialAction\":[{\"@type\":\"SearchAction\",\"target\":{\"@type\":\"EntryPoint\",\"urlTemplate\":\"https:\\\/\\\/doria-bijoux.com\\\/?s={search_term_string}\"},\"query-input\":{\"@type\":\"PropertyValueSpecification\",\"valueRequired\":true,\"valueName\":\"search_term_string\"}}],\"inLanguage\":\"ar\"},{\"@type\":\"Organization\",\"@id\":\"https:\\\/\\\/doria-bijoux.com\\\/#organization\",\"name\":\"Bijouterie plaqu\u00e9 or\",\"url\":\"https:\\\/\\\/doria-bijoux.com\\\/\",\"logo\":{\"@type\":\"ImageObject\",\"inLanguage\":\"ar\",\"@id\":\"https:\\\/\\\/doria-bijoux.com\\\/#\\\/schema\\\/logo\\\/image\\\/\",\"url\":\"https:\\\/\\\/doria-bijoux.com\\\/wp-content\\\/uploads\\\/2026\\\/03\\\/cropped-cropped-doria-bijou-logo-scaled-1.webp\",\"contentUrl\":\"https:\\\/\\\/doria-bijoux.com\\\/wp-content\\\/uploads\\\/2026\\\/03\\\/cropped-cropped-doria-bijou-logo-scaled-1.webp\",\"width\":2424,\"height\":826,\"caption\":\"Bijouterie plaqu\u00e9 or\"},\"image\":{\"@id\":\"https:\\\/\\\/doria-bijoux.com\\\/#\\\/schema\\\/logo\\\/image\\\/\"}}]}<\/script>\n<!-- \/ Yoast SEO plugin. -->","yoast_head_json":{"title":"Gourmette 3 Louiza en Acier Inoxydable 316L | Doria Bijoux","robots":{"index":"index","follow":"follow","max-snippet":"max-snippet:-1","max-image-preview":"max-image-preview:large","max-video-preview":"max-video-preview:-1"},"canonical":"https:\/\/doria-bijoux.com\/ar_dz\/produits\/gourmette-trio-louiza-imperiale\/","schema":{"@context":"https:\/\/schema.org","@graph":[{"@type":"WebPage","@id":"https:\/\/doria-bijoux.com\/produits\/gourmette-trio-louiza-imperiale\/","url":"https:\/\/doria-bijoux.com\/produits\/gourmette-trio-louiza-imperiale\/","name":"Gourmette 3 Louiza en Acier Inoxydable 316L | Doria Bijoux","isPartOf":{"@id":"https:\/\/doria-bijoux.com\/#website"},"primaryImageOfPage":{"@id":"https:\/\/doria-bijoux.com\/produits\/gourmette-trio-louiza-imperiale\/#primaryimage"},"image":{"@id":"https:\/\/doria-bijoux.com\/produits\/gourmette-trio-louiza-imperiale\/#primaryimage"},"thumbnailUrl":"https:\/\/doria-bijoux.com\/wp-content\/uploads\/2025\/11\/img_8524-1.jpeg","datePublished":"2025-11-13T17:39:06+00:00","dateModified":"2026-04-10T14:47:36+00:00","breadcrumb":{"@id":"https:\/\/doria-bijoux.com\/produits\/gourmette-trio-louiza-imperiale\/#breadcrumb"},"inLanguage":"ar","potentialAction":[{"@type":"ReadAction","target":["https:\/\/doria-bijoux.com\/produits\/gourmette-trio-louiza-imperiale\/"]}]},{"@type":"ImageObject","inLanguage":"ar","@id":"https:\/\/doria-bijoux.com\/produits\/gourmette-trio-louiza-imperiale\/#primaryimage","url":"https:\/\/doria-bijoux.com\/wp-content\/uploads\/2025\/11\/img_8524-1.jpeg","contentUrl":"https:\/\/doria-bijoux.com\/wp-content\/uploads\/2025\/11\/img_8524-1.jpeg","width":1198,"height":1280},{"@type":"BreadcrumbList","@id":"https:\/\/doria-bijoux.com\/produits\/gourmette-trio-louiza-imperiale\/#breadcrumb","itemListElement":[{"@type":"ListItem","position":1,"name":"Accueil","item":"https:\/\/doria-bijoux.com\/"},{"@type":"ListItem","position":2,"name":"Produits","item":"https:\/\/doria-bijoux.com\/shop\/"},{"@type":"ListItem","position":3,"name":"Gourmette 3 Louiza en Acier Inoxydable 316L"}]},{"@type":"WebSite","@id":"https:\/\/doria-bijoux.com\/#website","url":"https:\/\/doria-bijoux.com\/","name":"Bijouterie Plaqu\u00e9 Or","description":"Boutique de Bijoux de Luxe","publisher":{"@id":"https:\/\/doria-bijoux.com\/#organization"},"potentialAction":[{"@type":"SearchAction","target":{"@type":"EntryPoint","urlTemplate":"https:\/\/doria-bijoux.com\/?s={search_term_string}"},"query-input":{"@type":"PropertyValueSpecification","valueRequired":true,"valueName":"search_term_string"}}],"inLanguage":"ar"},{"@type":"Organization","@id":"https:\/\/doria-bijoux.com\/#organization","name":"Bijouterie plaqu\u00e9 or","url":"https:\/\/doria-bijoux.com\/","logo":{"@type":"ImageObject","inLanguage":"ar","@id":"https:\/\/doria-bijoux.com\/#\/schema\/logo\/image\/","url":"https:\/\/doria-bijoux.com\/wp-content\/uploads\/2026\/03\/cropped-cropped-doria-bijou-logo-scaled-1.webp","contentUrl":"https:\/\/doria-bijoux.com\/wp-content\/uploads\/2026\/03\/cropped-cropped-doria-bijou-logo-scaled-1.webp","width":2424,"height":826,"caption":"Bijouterie plaqu\u00e9 or"},"image":{"@id":"https:\/\/doria-bijoux.com\/#\/schema\/logo\/image\/"}}]}},"jetpack_publicize_connections":[],"jetpack_sharing_enabled":true,"_links":{"self":[{"href":"https:\/\/doria-bijoux.com\/ar_dz\/wp-json\/wp\/v2\/product\/16664","targetHints":{"allow":["GET"]}}],"collection":[{"href":"https:\/\/doria-bijoux.com\/ar_dz\/wp-json\/wp\/v2\/product"}],"about":[{"href":"https:\/\/doria-bijoux.com\/ar_dz\/wp-json\/wp\/v2\/types\/product"}],"replies":[{"embeddable":true,"href":"https:\/\/doria-bijoux.com\/ar_dz\/wp-json\/wp\/v2\/comments?post=16664"}],"wp:featuredmedia":[{"embeddable":true,"href":"https:\/\/doria-bijoux.com\/ar_dz\/wp-json\/wp\/v2\/media\/16663"}],"wp:attachment":[{"href":"https:\/\/doria-bijoux.com\/ar_dz\/wp-json\/wp\/v2\/media?parent=16664"}],"wp:term":[{"taxonomy":"product_brand","embeddable":true,"href":"https:\/\/doria-bijoux.com\/ar_dz\/wp-json\/wp\/v2\/product_brand?post=16664"},{"taxonomy":"product_cat","embeddable":true,"href":"https:\/\/doria-bijoux.com\/ar_dz\/wp-json\/wp\/v2\/product_cat?post=16664"},{"taxonomy":"product_tag","embeddable":true,"href":"https:\/\/doria-bijoux.com\/ar_dz\/wp-json\/wp\/v2\/product_tag?post=16664"}],"curies":[{"name":"wp","href":"https:\/\/api.w.org\/{rel}","templated":true}]}}