{"id":16563,"date":"2025-10-24T10:59:29","date_gmt":"2025-10-24T09:59:29","guid":{"rendered":"https:\/\/doria-bijoux.com\/produits\/parure-duo-sbika-louiza-eclat-imperial\/"},"modified":"2026-04-11T12:19:40","modified_gmt":"2026-04-11T11:19:40","slug":"parure-duo-sbika-louiza-eclat-imperial","status":"publish","type":"product","link":"https:\/\/doria-bijoux.com\/ar_dz\/produits\/parure-duo-sbika-louiza-eclat-imperial\/","title":{"rendered":"Parure Duo Sbika avec Luize"},"content":{"rendered":"<h2>\u0637\u0642\u0645 \u0633\u0628\u0643\u0629 \u062b\u0646\u0627\u0626\u064a + \u0645\u064a\u062f\u0627\u0644\u064a\u0629 \u0644\u0648\u064a\u0632\u0627 \u0639\u064a\u0627\u0631 24 \u0642\u064a\u0631\u0627\u0637 \u2014 \u0642\u0644\u0627\u062f\u0629 \u0648\u0623\u0633\u0648\u0631\u0629 \u0646\u0633\u0627\u0626\u064a\u0629 \u0641\u064a \u0627\u0644\u062c\u0632\u0627\u0626\u0631<\/h2>\n<p>\u0645\u0632\u064a\u062c \u0645\u0646 \u0634\u0628\u0643\u0629 \u0627\u0644\u0633\u0628\u064a\u0643\u0627 \u0648\u0645\u064a\u062f\u0627\u0644\u064a\u0629 \u0644\u0648\u064a\u0632\u0627 \u0628\u0646\u0642\u0634 \u0628\u0627\u0631\u0632 \u0644\u0625\u0637\u0644\u0627\u0644\u0629 \u0645\u0644\u0643\u064a\u0629. \u0637\u0642\u0645 \u0645\u0646 \u0642\u0644\u0627\u062f\u0629 \u0648\u0623\u0633\u0648\u0631\u0629 \u0645\u0635\u0645\u0645 \u0644\u0645\u0646 \u064a\u0628\u062d\u062b \u0639\u0646 \u0632\u064a\u0646\u0629 \u062c\u0632\u0627\u0626\u0631\u064a\u0629 \u0645\u0645\u064a\u0632\u0629 \u0648\u0645\u0634\u0631\u0642\u0629.<\/p>\n<h2>\u062a\u0635\u0645\u064a\u0645 \u0645\u0636\u0641\u0631 \u0648\u0645\u064a\u062f\u0627\u0644\u064a\u0629 \u0645\u0645\u064a\u0632\u0629 \u2014 \u0645\u062a\u0648\u0641\u0631 \u0641\u064a \u0627\u0644\u062c\u0632\u0627\u0626\u0631\u060c \u0648\u0647\u0631\u0627\u0646\u060c \u0648\u0639\u0646\u0627\u0628\u0629\u060c \u062e\u062f\u0645\u0629 \u0627\u0644\u062a\u0648\u0635\u064a\u0644 \u0645\u062a\u0648\u0641\u0631\u0629 \u0639\u0644\u0649 \u0645\u062f\u0627\u0631 \u0627\u0644\u0633\u0627\u0639\u0629<\/h2>\n<p>\u064a\u064f\u0628\u0631\u0632 \u0646\u0633\u064a\u062c \u0627\u0644\u0633\u0628\u064a\u0643\u0627 \u0642\u0644\u0627\u062f\u0629 \u0644\u0648\u064a\u0632\u0627 \u0648\u064a\u064f\u0628\u0631\u0632 \u062c\u0645\u0627\u0644\u0647\u0627 \u0628\u0623\u0646\u0627\u0642\u0629. \u0634\u062d\u0646 \u0633\u0631\u064a\u0639 \u0625\u0644\u0649 \u062c\u0645\u064a\u0639 \u0623\u0646\u062d\u0627\u0621 \u0627\u0644\u062c\u0632\u0627\u0626\u0631 (\u0627\u0644\u062c\u0632\u0627\u0626\u0631\u060c \u0648\u0647\u0631\u0627\u0646\u060c \u0639\u0646\u0627\u0628\u0629\u060c \u062a\u064a\u0632\u064a \u0648\u0632\u0648\u060c \u0633\u0637\u064a\u0641)\u060c \u0645\u0639 \u0625\u0645\u0643\u0627\u0646\u064a\u0629 \u0627\u0644\u062f\u0641\u0639 \u0639\u0646\u062f \u0627\u0644\u0627\u0633\u062a\u0644\u0627\u0645 \u0644\u0634\u0631\u0627\u0621 \u0622\u0645\u0646 \u0648\u0645\u0631\u064a\u062d.<\/p>\n<h3>\u0645\u0648\u0627\u0635\u0641\u0627\u062a \u0627\u0644\u0628\u0627\u0631\u0648\u0631<\/h3>\n<ul>\n<li>\u0627\u0644\u0641\u0648\u0644\u0627\u0630 \u0627\u0644\u0645\u0642\u0627\u0648\u0645 \u0644\u0644\u0635\u062f\u0623 316L - \u0644\u0645\u0639\u0627\u0646 24 \u0642\u064a\u0631\u0627\u0637\u064b\u0627<\/li>\n<li>\u0645\u0636\u0627\u062f \u0644\u0644\u062d\u0633\u0627\u0633\u064a\u0629<\/li>\n<li>\u0644\u0627 \u064a\u0633\u0648\u0651\u062f<\/li>\n<li>\u0645\u0642\u0627\u0648\u0645\u0629 \u0644\u0644\u0645\u0627\u0621<\/li>\n<li>\u0644\u0645\u0633\u0629 \u0646\u0647\u0627\u0626\u064a\u0629 \u0645\u062a\u064a\u0646\u0629 \u0648\u0645\u0642\u0627\u0648\u0645\u0629 \u0644\u0644\u062e\u062f\u0634<\/li>\n<\/ul>","protected":false},"excerpt":{"rendered":"<p>Parure duo sbika + m\u00e9daillon Louiza 24K \u2014 collier et bracelet femme en Alg\u00e9rie Alliance du maillage sbika et d\u2019un m\u00e9daillon Louiza au relief travaill\u00e9 pour un rendu royal. Set collier + bracelet pens\u00e9 pour celles qui cherchent une parure embl\u00e9matique et lumineuse en Alg\u00e9rie. Design tress\u00e9 et m\u00e9daillon signature \u2014 \u00e0 porter \u00e0 Alger, [&hellip;]<\/p>\n","protected":false},"featured_media":17096,"comment_status":"open","ping_status":"closed","template":"","meta":{"inline_featured_image":false,"jetpack_publicize_message":"","jetpack_publicize_feature_enabled":true,"jetpack_social_post_already_shared":true,"jetpack_social_options":{"image_generator_settings":{"template":"highway","default_image_id":0,"font":"","enabled":false},"version":2}},"product_brand":[],"product_cat":[362,363,379,371,378,360,377],"product_tag":[],"class_list":{"0":"post-16563","1":"product","2":"type-product","3":"status-publish","4":"has-post-thumbnail","6":"product_cat-bijouterie-alger","7":"product_cat-bijouterie-oran","8":"product_cat-parure-2","9":"product_cat-parure","10":"product_cat-woo_notif_single","11":"product_cat-bijoux","12":"product_cat-best-seller-algerie","14":"first","15":"instock","16":"sale","17":"sold-individually","18":"purchasable","19":"product-type-simple"},"yoast_head":"<!-- This site is optimized with the Yoast SEO plugin v27.3 - https:\/\/yoast.com\/product\/yoast-seo-wordpress\/ -->\n<title>Parure Duo Sbika avec Luize | Doria Bijoux<\/title>\n<meta name=\"robots\" content=\"index, follow, max-snippet:-1, max-image-preview:large, max-video-preview:-1\" \/>\n<link rel=\"canonical\" href=\"https:\/\/doria-bijoux.com\/ar_dz\/produits\/parure-duo-sbika-louiza-eclat-imperial\/\" \/>\n<script type=\"application\/ld+json\" class=\"yoast-schema-graph\">{\"@context\":\"https:\\\/\\\/schema.org\",\"@graph\":[{\"@type\":\"WebPage\",\"@id\":\"https:\\\/\\\/doria-bijoux.com\\\/produits\\\/parure-duo-sbika-louiza-eclat-imperial\\\/\",\"url\":\"https:\\\/\\\/doria-bijoux.com\\\/produits\\\/parure-duo-sbika-louiza-eclat-imperial\\\/\",\"name\":\"Parure Duo Sbika avec Luize | Doria Bijoux\",\"isPartOf\":{\"@id\":\"https:\\\/\\\/doria-bijoux.com\\\/#website\"},\"primaryImageOfPage\":{\"@id\":\"https:\\\/\\\/doria-bijoux.com\\\/produits\\\/parure-duo-sbika-louiza-eclat-imperial\\\/#primaryimage\"},\"image\":{\"@id\":\"https:\\\/\\\/doria-bijoux.com\\\/produits\\\/parure-duo-sbika-louiza-eclat-imperial\\\/#primaryimage\"},\"thumbnailUrl\":\"https:\\\/\\\/doria-bijoux.com\\\/wp-content\\\/uploads\\\/2025\\\/10\\\/parure-duo-sbika-acier-inoydable-algerie-copy.webp\",\"datePublished\":\"2025-10-24T09:59:29+00:00\",\"dateModified\":\"2026-04-11T11:19:40+00:00\",\"breadcrumb\":{\"@id\":\"https:\\\/\\\/doria-bijoux.com\\\/produits\\\/parure-duo-sbika-louiza-eclat-imperial\\\/#breadcrumb\"},\"inLanguage\":\"ar\",\"potentialAction\":[{\"@type\":\"ReadAction\",\"target\":[\"https:\\\/\\\/doria-bijoux.com\\\/produits\\\/parure-duo-sbika-louiza-eclat-imperial\\\/\"]}]},{\"@type\":\"ImageObject\",\"inLanguage\":\"ar\",\"@id\":\"https:\\\/\\\/doria-bijoux.com\\\/produits\\\/parure-duo-sbika-louiza-eclat-imperial\\\/#primaryimage\",\"url\":\"https:\\\/\\\/doria-bijoux.com\\\/wp-content\\\/uploads\\\/2025\\\/10\\\/parure-duo-sbika-acier-inoydable-algerie-copy.webp\",\"contentUrl\":\"https:\\\/\\\/doria-bijoux.com\\\/wp-content\\\/uploads\\\/2025\\\/10\\\/parure-duo-sbika-acier-inoydable-algerie-copy.webp\",\"width\":1280,\"height\":1278},{\"@type\":\"BreadcrumbList\",\"@id\":\"https:\\\/\\\/doria-bijoux.com\\\/produits\\\/parure-duo-sbika-louiza-eclat-imperial\\\/#breadcrumb\",\"itemListElement\":[{\"@type\":\"ListItem\",\"position\":1,\"name\":\"Accueil\",\"item\":\"https:\\\/\\\/doria-bijoux.com\\\/\"},{\"@type\":\"ListItem\",\"position\":2,\"name\":\"Produits\",\"item\":\"https:\\\/\\\/doria-bijoux.com\\\/shop\\\/\"},{\"@type\":\"ListItem\",\"position\":3,\"name\":\"Parure Duo Sbika avec Luize\"}]},{\"@type\":\"WebSite\",\"@id\":\"https:\\\/\\\/doria-bijoux.com\\\/#website\",\"url\":\"https:\\\/\\\/doria-bijoux.com\\\/\",\"name\":\"Bijouterie Plaqu\u00e9 Or\",\"description\":\"Boutique de Bijoux de Luxe\",\"publisher\":{\"@id\":\"https:\\\/\\\/doria-bijoux.com\\\/#organization\"},\"potentialAction\":[{\"@type\":\"SearchAction\",\"target\":{\"@type\":\"EntryPoint\",\"urlTemplate\":\"https:\\\/\\\/doria-bijoux.com\\\/?s={search_term_string}\"},\"query-input\":{\"@type\":\"PropertyValueSpecification\",\"valueRequired\":true,\"valueName\":\"search_term_string\"}}],\"inLanguage\":\"ar\"},{\"@type\":\"Organization\",\"@id\":\"https:\\\/\\\/doria-bijoux.com\\\/#organization\",\"name\":\"Bijouterie plaqu\u00e9 or\",\"url\":\"https:\\\/\\\/doria-bijoux.com\\\/\",\"logo\":{\"@type\":\"ImageObject\",\"inLanguage\":\"ar\",\"@id\":\"https:\\\/\\\/doria-bijoux.com\\\/#\\\/schema\\\/logo\\\/image\\\/\",\"url\":\"https:\\\/\\\/doria-bijoux.com\\\/wp-content\\\/uploads\\\/2026\\\/03\\\/cropped-cropped-doria-bijou-logo-scaled-1.webp\",\"contentUrl\":\"https:\\\/\\\/doria-bijoux.com\\\/wp-content\\\/uploads\\\/2026\\\/03\\\/cropped-cropped-doria-bijou-logo-scaled-1.webp\",\"width\":2424,\"height\":826,\"caption\":\"Bijouterie plaqu\u00e9 or\"},\"image\":{\"@id\":\"https:\\\/\\\/doria-bijoux.com\\\/#\\\/schema\\\/logo\\\/image\\\/\"}}]}<\/script>\n<!-- \/ Yoast SEO plugin. -->","yoast_head_json":{"title":"Parure Duo Sbika avec Luize | Doria Bijoux","robots":{"index":"index","follow":"follow","max-snippet":"max-snippet:-1","max-image-preview":"max-image-preview:large","max-video-preview":"max-video-preview:-1"},"canonical":"https:\/\/doria-bijoux.com\/ar_dz\/produits\/parure-duo-sbika-louiza-eclat-imperial\/","schema":{"@context":"https:\/\/schema.org","@graph":[{"@type":"WebPage","@id":"https:\/\/doria-bijoux.com\/produits\/parure-duo-sbika-louiza-eclat-imperial\/","url":"https:\/\/doria-bijoux.com\/produits\/parure-duo-sbika-louiza-eclat-imperial\/","name":"Parure Duo Sbika avec Luize | Doria Bijoux","isPartOf":{"@id":"https:\/\/doria-bijoux.com\/#website"},"primaryImageOfPage":{"@id":"https:\/\/doria-bijoux.com\/produits\/parure-duo-sbika-louiza-eclat-imperial\/#primaryimage"},"image":{"@id":"https:\/\/doria-bijoux.com\/produits\/parure-duo-sbika-louiza-eclat-imperial\/#primaryimage"},"thumbnailUrl":"https:\/\/doria-bijoux.com\/wp-content\/uploads\/2025\/10\/parure-duo-sbika-acier-inoydable-algerie-copy.webp","datePublished":"2025-10-24T09:59:29+00:00","dateModified":"2026-04-11T11:19:40+00:00","breadcrumb":{"@id":"https:\/\/doria-bijoux.com\/produits\/parure-duo-sbika-louiza-eclat-imperial\/#breadcrumb"},"inLanguage":"ar","potentialAction":[{"@type":"ReadAction","target":["https:\/\/doria-bijoux.com\/produits\/parure-duo-sbika-louiza-eclat-imperial\/"]}]},{"@type":"ImageObject","inLanguage":"ar","@id":"https:\/\/doria-bijoux.com\/produits\/parure-duo-sbika-louiza-eclat-imperial\/#primaryimage","url":"https:\/\/doria-bijoux.com\/wp-content\/uploads\/2025\/10\/parure-duo-sbika-acier-inoydable-algerie-copy.webp","contentUrl":"https:\/\/doria-bijoux.com\/wp-content\/uploads\/2025\/10\/parure-duo-sbika-acier-inoydable-algerie-copy.webp","width":1280,"height":1278},{"@type":"BreadcrumbList","@id":"https:\/\/doria-bijoux.com\/produits\/parure-duo-sbika-louiza-eclat-imperial\/#breadcrumb","itemListElement":[{"@type":"ListItem","position":1,"name":"Accueil","item":"https:\/\/doria-bijoux.com\/"},{"@type":"ListItem","position":2,"name":"Produits","item":"https:\/\/doria-bijoux.com\/shop\/"},{"@type":"ListItem","position":3,"name":"Parure Duo Sbika avec Luize"}]},{"@type":"WebSite","@id":"https:\/\/doria-bijoux.com\/#website","url":"https:\/\/doria-bijoux.com\/","name":"Bijouterie Plaqu\u00e9 Or","description":"Boutique de Bijoux de Luxe","publisher":{"@id":"https:\/\/doria-bijoux.com\/#organization"},"potentialAction":[{"@type":"SearchAction","target":{"@type":"EntryPoint","urlTemplate":"https:\/\/doria-bijoux.com\/?s={search_term_string}"},"query-input":{"@type":"PropertyValueSpecification","valueRequired":true,"valueName":"search_term_string"}}],"inLanguage":"ar"},{"@type":"Organization","@id":"https:\/\/doria-bijoux.com\/#organization","name":"Bijouterie plaqu\u00e9 or","url":"https:\/\/doria-bijoux.com\/","logo":{"@type":"ImageObject","inLanguage":"ar","@id":"https:\/\/doria-bijoux.com\/#\/schema\/logo\/image\/","url":"https:\/\/doria-bijoux.com\/wp-content\/uploads\/2026\/03\/cropped-cropped-doria-bijou-logo-scaled-1.webp","contentUrl":"https:\/\/doria-bijoux.com\/wp-content\/uploads\/2026\/03\/cropped-cropped-doria-bijou-logo-scaled-1.webp","width":2424,"height":826,"caption":"Bijouterie plaqu\u00e9 or"},"image":{"@id":"https:\/\/doria-bijoux.com\/#\/schema\/logo\/image\/"}}]}},"jetpack_publicize_connections":[],"jetpack_sharing_enabled":true,"_links":{"self":[{"href":"https:\/\/doria-bijoux.com\/ar_dz\/wp-json\/wp\/v2\/product\/16563","targetHints":{"allow":["GET"]}}],"collection":[{"href":"https:\/\/doria-bijoux.com\/ar_dz\/wp-json\/wp\/v2\/product"}],"about":[{"href":"https:\/\/doria-bijoux.com\/ar_dz\/wp-json\/wp\/v2\/types\/product"}],"replies":[{"embeddable":true,"href":"https:\/\/doria-bijoux.com\/ar_dz\/wp-json\/wp\/v2\/comments?post=16563"}],"wp:featuredmedia":[{"embeddable":true,"href":"https:\/\/doria-bijoux.com\/ar_dz\/wp-json\/wp\/v2\/media\/17096"}],"wp:attachment":[{"href":"https:\/\/doria-bijoux.com\/ar_dz\/wp-json\/wp\/v2\/media?parent=16563"}],"wp:term":[{"taxonomy":"product_brand","embeddable":true,"href":"https:\/\/doria-bijoux.com\/ar_dz\/wp-json\/wp\/v2\/product_brand?post=16563"},{"taxonomy":"product_cat","embeddable":true,"href":"https:\/\/doria-bijoux.com\/ar_dz\/wp-json\/wp\/v2\/product_cat?post=16563"},{"taxonomy":"product_tag","embeddable":true,"href":"https:\/\/doria-bijoux.com\/ar_dz\/wp-json\/wp\/v2\/product_tag?post=16563"}],"curies":[{"name":"wp","href":"https:\/\/api.w.org\/{rel}","templated":true}]}}