{"id":16542,"date":"2025-10-20T16:26:13","date_gmt":"2025-10-20T15:26:13","guid":{"rendered":"https:\/\/doria-bijoux.com\/?post_type=product&#038;p=16542"},"modified":"2026-03-28T17:36:46","modified_gmt":"2026-03-28T16:36:46","slug":"parure-doree-athena-elegance-divine-3-pieces","status":"publish","type":"product","link":"https:\/\/doria-bijoux.com\/ar_dz\/produits\/parure-doree-athena-elegance-divine-3-pieces\/","title":{"rendered":"\u0628\u0627\u0631\u0648\u0631 \u0623\u062b\u064a\u0646\u0627 \u2014 \u0623\u0646\u0627\u0642\u0629 \u0631\u0627\u0642\u064a\u0629 \u0645\u0637\u0627\u0628\u0642 \u0644\u0639\u064a\u0627\u0631 24K"},"content":{"rendered":"<h2 class=\"wp-block-heading\">\u0628\u0627\u0631\u0648\u0631 \u0623\u062b\u064a\u0646\u0627 \u0627\u0644\u0630\u0647\u0628\u064a: \u062d\u0644\u0642\u0627\u062a \u064a\u0648\u0646\u0627\u0646\u064a\u0629 \u0648\u0644\u0645\u0639\u0627\u0646 24K<\/h2>\n\n\n\n<p>\u0637\u0642\u0645 \u0639\u0642\u062f + \u0633\u0648\u0627\u0631 + \u0623\u0642\u0631\u0627\u0637 \u0628\u062a\u0635\u0645\u064a\u0645 \u063a\u0648\u0631\u0645\u064a\u062a \u0645\u0632\u062f\u0627\u0646 \u0628\u0640\u062d\u0644\u0642\u0627\u062a \u0628\u064a\u0636\u0627\u0648\u064a\u0629 \u0645\u0646\u0642\u0648\u0634\u0629 \u0628\u0625\u0644\u0647\u0627\u0645 \u064a\u0648\u0646\u0627\u0646\u064a. \u0645\u0635\u0646\u0648\u0639 \u0645\u0646 \u0641\u0648\u0644\u0627\u0630 \u0645\u0642\u0627\u0648\u0645 \u0644\u0644\u0635\u062f\u0623 316L \u0645\u0639 \u0637\u0644\u0627\u0621 \u0630\u0647\u0628\u064a 24K \u0644\u0650\u0640\u0644\u0645\u0639\u0627\u0646 \u064a\u062f\u0648\u0645\u060c \u0645\u0642\u0627\u0648\u0645 \u0644\u0644\u0645\u0627\u0621 \u0648\u0644\u0627 \u064a\u0633\u0648\u062f\u060c \u0648\u0645\u0631\u064a\u062d Hypoallergenic \u0644\u0644\u0627\u0631\u062a\u062f\u0627\u0621 \u0627\u0644\u064a\u0648\u0645\u064a \u0648\u0627\u0644\u0633\u0647\u0631\u0629.<\/p>\n\n\n\n<h2 class=\"wp-block-heading\">\u0645\u062c\u0648\u0647\u0631\u0627\u062a \u0646\u0633\u0627\u0626\u064a\u0629 \u0644\u0644\u062c\u0632\u0627\u0626\u0631: \u0639\u0642\u062f\u060c \u0633\u0648\u0627\u0631 \u0648\u0623\u0642\u0631\u0627\u0637 \u0645\u0646\u0633\u0651\u0642\u0629<\/h2>\n\n\n\n<p>\u064a\u0628\u0631\u0632 \u0627\u0644\u0639\u0642\u062f \u0645\u0646\u0637\u0642\u0629 \u0627\u0644\u0631\u0642\u0628\u0629\u060c \u0648\u064a\u064f\u062c\u064e\u0645\u0651\u0650\u0644 \u0627\u0644\u0633\u0648\u0627\u0631 \u0627\u0644\u0645\u0639\u0635\u0645\u060c \u0648\u062a\u064f\u0636\u064a\u0621 \u0627\u0644\u0623\u0642\u0631\u0627\u0637 \u0627\u0644\u0648\u062c\u0647 \u0628\u062e\u0641\u0651\u0629. \u0645\u0642\u0627\u0633\u0627\u062a \u0642\u0627\u0628\u0644\u0629 \u0644\u0644\u062a\u0639\u062f\u064a\u0644 \u0639\u0628\u0631 \u0633\u0644\u0627\u0633\u0644 \u062a\u0645\u062f\u064a\u062f \u0644\u0645\u0644\u0627\u0621\u0645\u0629 \u0645\u0636\u0645\u0648\u0646\u0629 \u0648\u0647\u062f\u064a\u0629 \u0628\u062f\u0648\u0646 \u0645\u062e\u0627\u0637\u0631\u0629. \u062a\u0648\u0635\u064a\u0644 24\/48 \u0633\u0627\u0639\u0629 \u0641\u064a \u0643\u0644 \u0627\u0644\u0648\u0644\u0627\u064a\u0627\u062a \u0648\u0627\u0644\u062f\u0641\u0639 \u0639\u0646\u062f \u0627\u0644\u0627\u0633\u062a\u0644\u0627\u0645<\/p>\n\n\n\n<h3 class=\"wp-block-heading\">\u0645\u0648\u0627\u0635\u0641\u0627\u062a \u0627\u0644\u0628\u0627\u0631\u0648\u0631<\/h3>\n\n\n\n<ul class=\"wp-block-list\">\n<li>\u0627\u0644\u062e\u0627\u0645\u0629: \u0641\u0648\u0644\u0627\u0630 \u0645\u0642\u0627\u0648\u0645 \u0644\u0644\u0635\u062f\u0623 316L (\u0644\u0637\u064a\u0641 \u0639\u0644\u0649 \u0627\u0644\u0628\u0634\u0631\u0629)<\/li>\n\n\n\n<li>\u0627\u0644\u0637\u0644\u0627\u0621: \u0630\u0647\u0628 18K \u0628\u062a\u0642\u0646\u064a\u0629 PVD \u2013 \u0644\u0645\u0639\u0627\u0646 \u0637\u0648\u064a\u0644 \u0627\u0644\u0645\u062f\u0649<\/li>\n\n\n\n<li>\u0627\u0644\u062a\u0631\u0643\u064a\u0628: 3 \u0642\u0637\u0639 \u2014 \u0639\u0642\u062f\u060c \u0633\u0648\u0627\u0631\u060c \u0623\u0642\u0631\u0627\u0637 \u0628\u062e\u0637\u0651\u0627\u0641 \u0623\u0645\u0627\u0646 (\u062f\u0631\u0648\u0632\u0629)<\/li>\n\n\n\n<li>\u0627\u0644\u062a\u0635\u0645\u064a\u0645: \u0633\u0644\u0627\u0633\u0644 \u063a\u0648\u0631\u0645\u064a\u062a \u0645\u0639 \u062d\u0644\u0642\u0627\u062a \u0628\u064a\u0636\u0627\u0648\u064a\u0629 \u0645\u0646\u0642\u0648\u0634\u0629 \u0628\u0637\u0627\u0628\u0639 \u064a\u0648\u0646\u0627\u0646\u064a<\/li>\n\n\n\n<li>\u0627\u0644\u0645\u0642\u0627\u0633\u0627\u062a \u0627\u0644\u0642\u0627\u0628\u0644\u0629 \u0644\u0644\u062a\u0639\u062f\u064a\u0644: \u0627\u0644\u0639\u0642\u062f \u2248 40\u201345 cm | \u0627\u0644\u0633\u0648\u0627\u0631 \u2248 16\u201320 cm<\/li>\n\n\n\n<li>\u0627\u0644\u0625\u063a\u0644\u0627\u0642\u0627\u062a: \u0645\u0634\u0628\u0643 \u0645\u064f\u0648\u0633\u0643\u064a\u062a\u0648\u0646 \u0622\u0645\u0646 (\u0639\u0642\u062f\/\u0633\u0648\u0627\u0631)<\/li>\n\n\n\n<li>\u0627\u0644\u0645\u062a\u0627\u0646\u0629: \u0645\u0642\u0627\u0648\u0645 \u0644\u0644\u0645\u0627\u0621\u060c \u0645\u0636\u0627\u062f \u0644\u0644\u062a\u0651\u064e\u0644\u064e\u0641 \u0648\u0627\u0644\u0628\u0647\u062a\u0627\u0646 \u0641\u064a \u0627\u0644\u0627\u0633\u062a\u0639\u0645\u0627\u0644 \u0627\u0644\u0639\u0627\u062f\u064a<\/li>\n\n\n\n<li>\u0627\u0644\u0631\u0627\u062d\u0629: \u0648\u0632\u0646 \u062e\u0641\u064a\u0641 \u0648\u0627\u0631\u062a\u062f\u0627\u0621 \u0645\u0631\u064a\u062d \u0637\u0648\u0627\u0644 \u0627\u0644\u064a\u0648\u0645<\/li>\n\n\n\n<li>\u0644\u0648\u062c\u0633\u062a\u064a\u0643 \u0627\u0644\u062c\u0632\u0627\u0626\u0631: \u062a\u0648\u0635\u064a\u0644 24\/48 \u0633\u0627\u0639\u0629 \u0641\u064a \u0643\u0644 \u0645\u0643\u0627\u0646 \u0641\u064a \u0627\u0644\u062c\u0632\u0627\u0626\u0631 | \u0627\u0644\u062f\u0641\u0639 \u0639\u0646\u062f \u0627\u0644\u0627\u0633\u062a\u0644\u0627\u0645 | \u064a\u0639\u0648\u062f 15 \u064a\u0648\u0645\u0627<\/li>\n<\/ul>","protected":false},"excerpt":{"rendered":"<p>Parure dor\u00e9e Ath\u00e9na : maillons grecs &amp; brillance 18K Set collier + bracelet + boucles dormeuses au design gourmette ponctu\u00e9 de maillons ovales grav\u00e9s (inspiration grecque). En acier inoxydable 316L avec finition dor\u00e9e 18K : \u00e9clat durable, r\u00e9siste \u00e0 l\u2019eau, hypoallerg\u00e9nique \u2014 chic et facile \u00e0 porter du quotidien aux soir\u00e9es. Bijoux femme Alg\u00e9rie : [&hellip;]<\/p>\n","protected":false},"featured_media":16545,"comment_status":"open","ping_status":"closed","template":"","meta":{"inline_featured_image":false,"jetpack_publicize_message":"","jetpack_publicize_feature_enabled":true,"jetpack_social_post_already_shared":true,"jetpack_social_options":{"image_generator_settings":{"template":"highway","default_image_id":0,"font":"","enabled":false},"version":2}},"product_brand":[],"product_cat":[362,363,371,378,360],"product_tag":[],"class_list":{"0":"post-16542","1":"product","2":"type-product","3":"status-publish","4":"has-post-thumbnail","6":"product_cat-bijouterie-alger","7":"product_cat-bijouterie-oran","8":"product_cat-parure","9":"product_cat-woo_notif_single","10":"product_cat-bijoux","12":"first","13":"instock","14":"sale","15":"sold-individually","16":"purchasable","17":"product-type-simple"},"yoast_head":"<!-- This site is optimized with the Yoast SEO plugin v27.3 - https:\/\/yoast.com\/product\/yoast-seo-wordpress\/ -->\n<title>Parure Dor\u00e9e Ath\u00e9na 3 pi\u00e8ces en Alg\u00e9rie | Doria Bijoux<\/title>\n<meta name=\"description\" content=\"Parure Ath\u00e9na : collier, bracelet et boucles en acier 316L, dorure 18K. \u00c9clat durable, hypoallerg\u00e9nique. Livraison 24\/48h partout en Alg\u00e9rie.\" \/>\n<meta name=\"robots\" content=\"index, follow, max-snippet:-1, max-image-preview:large, max-video-preview:-1\" \/>\n<link rel=\"canonical\" href=\"https:\/\/doria-bijoux.com\/ar_dz\/produits\/parure-doree-athena-elegance-divine-3-pieces\/\" \/>\n<script type=\"application\/ld+json\" class=\"yoast-schema-graph\">{\"@context\":\"https:\\\/\\\/schema.org\",\"@graph\":[{\"@type\":\"WebPage\",\"@id\":\"https:\\\/\\\/doria-bijoux.com\\\/produits\\\/parure-doree-athena-elegance-divine-3-pieces\\\/\",\"url\":\"https:\\\/\\\/doria-bijoux.com\\\/produits\\\/parure-doree-athena-elegance-divine-3-pieces\\\/\",\"name\":\"Parure Dor\u00e9e Ath\u00e9na 3 pi\u00e8ces en Alg\u00e9rie | Doria Bijoux\",\"isPartOf\":{\"@id\":\"https:\\\/\\\/doria-bijoux.com\\\/#website\"},\"primaryImageOfPage\":{\"@id\":\"https:\\\/\\\/doria-bijoux.com\\\/produits\\\/parure-doree-athena-elegance-divine-3-pieces\\\/#primaryimage\"},\"image\":{\"@id\":\"https:\\\/\\\/doria-bijoux.com\\\/produits\\\/parure-doree-athena-elegance-divine-3-pieces\\\/#primaryimage\"},\"thumbnailUrl\":\"https:\\\/\\\/doria-bijoux.com\\\/wp-content\\\/uploads\\\/2025\\\/10\\\/Parure-3-pieces-elegante-doree-chic-en-acier-inoxydable.jpg\",\"datePublished\":\"2025-10-20T15:26:13+00:00\",\"dateModified\":\"2026-03-28T16:36:46+00:00\",\"description\":\"Parure Ath\u00e9na : collier, bracelet et boucles en acier 316L, dorure 18K. \u00c9clat durable, hypoallerg\u00e9nique. Livraison 24\\\/48h partout en Alg\u00e9rie.\",\"breadcrumb\":{\"@id\":\"https:\\\/\\\/doria-bijoux.com\\\/produits\\\/parure-doree-athena-elegance-divine-3-pieces\\\/#breadcrumb\"},\"inLanguage\":\"ar\",\"potentialAction\":[{\"@type\":\"ReadAction\",\"target\":[\"https:\\\/\\\/doria-bijoux.com\\\/produits\\\/parure-doree-athena-elegance-divine-3-pieces\\\/\"]}]},{\"@type\":\"ImageObject\",\"inLanguage\":\"ar\",\"@id\":\"https:\\\/\\\/doria-bijoux.com\\\/produits\\\/parure-doree-athena-elegance-divine-3-pieces\\\/#primaryimage\",\"url\":\"https:\\\/\\\/doria-bijoux.com\\\/wp-content\\\/uploads\\\/2025\\\/10\\\/Parure-3-pieces-elegante-doree-chic-en-acier-inoxydable.jpg\",\"contentUrl\":\"https:\\\/\\\/doria-bijoux.com\\\/wp-content\\\/uploads\\\/2025\\\/10\\\/Parure-3-pieces-elegante-doree-chic-en-acier-inoxydable.jpg\",\"width\":1280,\"height\":1280,\"caption\":\"Parure-3-pieces-elegante-doree-chic-en-acier-inoxydable.\"},{\"@type\":\"BreadcrumbList\",\"@id\":\"https:\\\/\\\/doria-bijoux.com\\\/produits\\\/parure-doree-athena-elegance-divine-3-pieces\\\/#breadcrumb\",\"itemListElement\":[{\"@type\":\"ListItem\",\"position\":1,\"name\":\"Accueil\",\"item\":\"https:\\\/\\\/doria-bijoux.com\\\/\"},{\"@type\":\"ListItem\",\"position\":2,\"name\":\"Produits\",\"item\":\"https:\\\/\\\/doria-bijoux.com\\\/shop\\\/\"},{\"@type\":\"ListItem\",\"position\":3,\"name\":\"Parure Dor\u00e9e Ath\u00e9na 3 Pi\u00e8ces\"}]},{\"@type\":\"WebSite\",\"@id\":\"https:\\\/\\\/doria-bijoux.com\\\/#website\",\"url\":\"https:\\\/\\\/doria-bijoux.com\\\/\",\"name\":\"Bijouterie Plaqu\u00e9 Or\",\"description\":\"Boutique de Bijoux de Luxe\",\"publisher\":{\"@id\":\"https:\\\/\\\/doria-bijoux.com\\\/#organization\"},\"potentialAction\":[{\"@type\":\"SearchAction\",\"target\":{\"@type\":\"EntryPoint\",\"urlTemplate\":\"https:\\\/\\\/doria-bijoux.com\\\/?s={search_term_string}\"},\"query-input\":{\"@type\":\"PropertyValueSpecification\",\"valueRequired\":true,\"valueName\":\"search_term_string\"}}],\"inLanguage\":\"ar\"},{\"@type\":\"Organization\",\"@id\":\"https:\\\/\\\/doria-bijoux.com\\\/#organization\",\"name\":\"Bijouterie plaqu\u00e9 or\",\"url\":\"https:\\\/\\\/doria-bijoux.com\\\/\",\"logo\":{\"@type\":\"ImageObject\",\"inLanguage\":\"ar\",\"@id\":\"https:\\\/\\\/doria-bijoux.com\\\/#\\\/schema\\\/logo\\\/image\\\/\",\"url\":\"https:\\\/\\\/doria-bijoux.com\\\/wp-content\\\/uploads\\\/2026\\\/03\\\/cropped-cropped-doria-bijou-logo-scaled-1.webp\",\"contentUrl\":\"https:\\\/\\\/doria-bijoux.com\\\/wp-content\\\/uploads\\\/2026\\\/03\\\/cropped-cropped-doria-bijou-logo-scaled-1.webp\",\"width\":2424,\"height\":826,\"caption\":\"Bijouterie plaqu\u00e9 or\"},\"image\":{\"@id\":\"https:\\\/\\\/doria-bijoux.com\\\/#\\\/schema\\\/logo\\\/image\\\/\"}}]}<\/script>\n<!-- \/ Yoast SEO plugin. -->","yoast_head_json":{"title":"Parure Dor\u00e9e Ath\u00e9na 3 pi\u00e8ces en Alg\u00e9rie | Doria Bijoux","description":"Parure Ath\u00e9na : collier, bracelet et boucles en acier 316L, dorure 18K. \u00c9clat durable, hypoallerg\u00e9nique. Livraison 24\/48h partout en Alg\u00e9rie.","robots":{"index":"index","follow":"follow","max-snippet":"max-snippet:-1","max-image-preview":"max-image-preview:large","max-video-preview":"max-video-preview:-1"},"canonical":"https:\/\/doria-bijoux.com\/ar_dz\/produits\/parure-doree-athena-elegance-divine-3-pieces\/","schema":{"@context":"https:\/\/schema.org","@graph":[{"@type":"WebPage","@id":"https:\/\/doria-bijoux.com\/produits\/parure-doree-athena-elegance-divine-3-pieces\/","url":"https:\/\/doria-bijoux.com\/produits\/parure-doree-athena-elegance-divine-3-pieces\/","name":"Parure Dor\u00e9e Ath\u00e9na 3 pi\u00e8ces en Alg\u00e9rie | Doria Bijoux","isPartOf":{"@id":"https:\/\/doria-bijoux.com\/#website"},"primaryImageOfPage":{"@id":"https:\/\/doria-bijoux.com\/produits\/parure-doree-athena-elegance-divine-3-pieces\/#primaryimage"},"image":{"@id":"https:\/\/doria-bijoux.com\/produits\/parure-doree-athena-elegance-divine-3-pieces\/#primaryimage"},"thumbnailUrl":"https:\/\/doria-bijoux.com\/wp-content\/uploads\/2025\/10\/Parure-3-pieces-elegante-doree-chic-en-acier-inoxydable.jpg","datePublished":"2025-10-20T15:26:13+00:00","dateModified":"2026-03-28T16:36:46+00:00","description":"Parure Ath\u00e9na : collier, bracelet et boucles en acier 316L, dorure 18K. \u00c9clat durable, hypoallerg\u00e9nique. Livraison 24\/48h partout en Alg\u00e9rie.","breadcrumb":{"@id":"https:\/\/doria-bijoux.com\/produits\/parure-doree-athena-elegance-divine-3-pieces\/#breadcrumb"},"inLanguage":"ar","potentialAction":[{"@type":"ReadAction","target":["https:\/\/doria-bijoux.com\/produits\/parure-doree-athena-elegance-divine-3-pieces\/"]}]},{"@type":"ImageObject","inLanguage":"ar","@id":"https:\/\/doria-bijoux.com\/produits\/parure-doree-athena-elegance-divine-3-pieces\/#primaryimage","url":"https:\/\/doria-bijoux.com\/wp-content\/uploads\/2025\/10\/Parure-3-pieces-elegante-doree-chic-en-acier-inoxydable.jpg","contentUrl":"https:\/\/doria-bijoux.com\/wp-content\/uploads\/2025\/10\/Parure-3-pieces-elegante-doree-chic-en-acier-inoxydable.jpg","width":1280,"height":1280,"caption":"Parure-3-pieces-elegante-doree-chic-en-acier-inoxydable."},{"@type":"BreadcrumbList","@id":"https:\/\/doria-bijoux.com\/produits\/parure-doree-athena-elegance-divine-3-pieces\/#breadcrumb","itemListElement":[{"@type":"ListItem","position":1,"name":"Accueil","item":"https:\/\/doria-bijoux.com\/"},{"@type":"ListItem","position":2,"name":"Produits","item":"https:\/\/doria-bijoux.com\/shop\/"},{"@type":"ListItem","position":3,"name":"Parure Dor\u00e9e Ath\u00e9na 3 Pi\u00e8ces"}]},{"@type":"WebSite","@id":"https:\/\/doria-bijoux.com\/#website","url":"https:\/\/doria-bijoux.com\/","name":"Bijouterie Plaqu\u00e9 Or","description":"Boutique de Bijoux de Luxe","publisher":{"@id":"https:\/\/doria-bijoux.com\/#organization"},"potentialAction":[{"@type":"SearchAction","target":{"@type":"EntryPoint","urlTemplate":"https:\/\/doria-bijoux.com\/?s={search_term_string}"},"query-input":{"@type":"PropertyValueSpecification","valueRequired":true,"valueName":"search_term_string"}}],"inLanguage":"ar"},{"@type":"Organization","@id":"https:\/\/doria-bijoux.com\/#organization","name":"Bijouterie plaqu\u00e9 or","url":"https:\/\/doria-bijoux.com\/","logo":{"@type":"ImageObject","inLanguage":"ar","@id":"https:\/\/doria-bijoux.com\/#\/schema\/logo\/image\/","url":"https:\/\/doria-bijoux.com\/wp-content\/uploads\/2026\/03\/cropped-cropped-doria-bijou-logo-scaled-1.webp","contentUrl":"https:\/\/doria-bijoux.com\/wp-content\/uploads\/2026\/03\/cropped-cropped-doria-bijou-logo-scaled-1.webp","width":2424,"height":826,"caption":"Bijouterie plaqu\u00e9 or"},"image":{"@id":"https:\/\/doria-bijoux.com\/#\/schema\/logo\/image\/"}}]}},"jetpack_publicize_connections":[],"jetpack_sharing_enabled":true,"_links":{"self":[{"href":"https:\/\/doria-bijoux.com\/ar_dz\/wp-json\/wp\/v2\/product\/16542","targetHints":{"allow":["GET"]}}],"collection":[{"href":"https:\/\/doria-bijoux.com\/ar_dz\/wp-json\/wp\/v2\/product"}],"about":[{"href":"https:\/\/doria-bijoux.com\/ar_dz\/wp-json\/wp\/v2\/types\/product"}],"replies":[{"embeddable":true,"href":"https:\/\/doria-bijoux.com\/ar_dz\/wp-json\/wp\/v2\/comments?post=16542"}],"wp:featuredmedia":[{"embeddable":true,"href":"https:\/\/doria-bijoux.com\/ar_dz\/wp-json\/wp\/v2\/media\/16545"}],"wp:attachment":[{"href":"https:\/\/doria-bijoux.com\/ar_dz\/wp-json\/wp\/v2\/media?parent=16542"}],"wp:term":[{"taxonomy":"product_brand","embeddable":true,"href":"https:\/\/doria-bijoux.com\/ar_dz\/wp-json\/wp\/v2\/product_brand?post=16542"},{"taxonomy":"product_cat","embeddable":true,"href":"https:\/\/doria-bijoux.com\/ar_dz\/wp-json\/wp\/v2\/product_cat?post=16542"},{"taxonomy":"product_tag","embeddable":true,"href":"https:\/\/doria-bijoux.com\/ar_dz\/wp-json\/wp\/v2\/product_tag?post=16542"}],"curies":[{"name":"wp","href":"https:\/\/api.w.org\/{rel}","templated":true}]}}