{"id":8301,"date":"2023-12-15T10:34:55","date_gmt":"2023-12-15T09:34:55","guid":{"rendered":"https:\/\/doria-bijoux.com\/politique-de-confidentialite-2\/"},"modified":"2025-06-27T19:59:13","modified_gmt":"2025-06-27T17:59:13","slug":"politique-de-confidentialite","status":"publish","type":"page","link":"https:\/\/doria-bijoux.com\/ar_dz\/politique-de-confidentialite\/","title":{"rendered":"Politique de Confidentialit\u00e9"},"content":{"rendered":"<p><strong>\u00a0<\/strong><\/p>\n<p>Politique de confidentialit\u00e9 de Bijouterie Plaqu\u00e9 Or<\/p>\n<p>La pr\u00e9sente Politique de confidentialit\u00e9 d\u00e9crit la fa\u00e7on dont vos informations personnelles sont recueillies, utilis\u00e9es et partag\u00e9es lorsque vous vous rendez sur\u00a0 ou que vous y effectuez un achat.<\/p>\n<p>INFORMATIONS PERSONNELLES RECUEILLIES<\/p>\n<p>Lorsque vous vous rendez sur le Site, nous recueillons automatiquement certaines informations concernant votre appareil, notamment des informations sur votre navigateur web, votre adresse IP, votre fuseau horaire et certains des cookies qui sont install\u00e9s sur votre appareil. En outre, lorsque vous parcourez le Site, nous recueillons des informations sur les pages web ou produits individuels que vous consultez, les sites web ou les termes de recherche qui vous ont permis d&rsquo;arriver sur le Site, ainsi que des informations sur la mani\u00e8re dont vous interagissez avec le Site. Nous d\u00e9signons ces informations collect\u00e9es automatiquement sous l&rsquo;appellation \u00ab\u00a0Informations sur l&rsquo;appareil\u00a0\u00bb.<\/p>\n<p>Lorsque nous utilisons l&rsquo;expression \u00ab\u00a0Informations personnelles\u00a0\u00bb dans la pr\u00e9sente Politique de confidentialit\u00e9, nous faisons allusion \u00e0 la fois aux Informations sur l&rsquo;appareil et aux Informations sur la commande.<\/p>\n<p>COMMENT UTILISONS-NOUS VOS INFORMATIONS PERSONNELLES\u00a0?<\/p>\n<p>En r\u00e8gle g\u00e9n\u00e9rale, nous utilisons les Informations sur la commande que nous recueillons pour traiter toute commande pass\u00e9e par le biais du Site (y compris pour traiter vos informations de paiement, organiser l&rsquo;exp\u00e9dition de votre commande et vous fournir des factures et\/ou des confirmations de commande).\u00a0 En outre, nous utilisons ces Informations sur la commande pour\u00a0:<br \/>\ncommuniquer avec vous\u00a0;<br \/>\n\u00e9valuer les fraudes ou risques potentiels\u00a0; et<br \/>\nlorsque cela correspond aux pr\u00e9f\u00e9rences que vous nous avez communiqu\u00e9es, vous fournir des informations ou des publicit\u00e9s concernant nos produits ou services.<\/p>\n<p>Enfin, il se peut que nous partagions aussi vos Informations personnelles pour respecter les lois et r\u00e8glementations applicables, r\u00e9pondre \u00e0 une assignation, \u00e0 un mandat de perquisition ou \u00e0 toute autre demande l\u00e9gale de renseignements que nous recevons, ou pour prot\u00e9ger nos droits.<\/p>\n<p>PUBLICIT\u00c9 COMPORTEMENTALE<br \/>\nComme indiqu\u00e9 ci-dessus, nous utilisons vos Informations personnelles pour vous proposer des publicit\u00e9s cibl\u00e9es ou des messages de marketing qui, selon nous, pourraient vous int\u00e9resser.\u00a0 Pour en savoir plus sur le fonctionnement de la publicit\u00e9 cibl\u00e9e, vous pouvez consulter la page d&rsquo;information de la Network Advertising Initiative (NAI) \u00e0 l&rsquo;adresse suivante\u00a0: http:\/\/www.networkadvertising.org\/understanding-online-advertising\/how-does-it-work.<\/p>\n<p>NE PAS SUIVRE<br \/>\nVeuillez noter que nous ne modifions pas la collecte de donn\u00e9es de notre Site et nos pratiques d&rsquo;utilisation lorsque nous d\u00e9tectons un signal \u00ab\u00a0Ne pas suivre\u00a0\u00bb sur votre navigateur.<\/p>\n<p>VOS DROITS<br \/>\nSi vous \u00eates r\u00e9sident(e) europ\u00e9en(ne), vous disposez d&rsquo;un droit d&rsquo;acc\u00e8s aux informations personnelles que nous d\u00e9tenons \u00e0 votre sujet et vous pouvez demander \u00e0 ce qu&rsquo;elles soient corrig\u00e9es, mises \u00e0 jour ou supprim\u00e9es. Si vous souhaitez exercer ce droit, veuillez nous contacter au moyen des coordonn\u00e9es pr\u00e9cis\u00e9es ci-dessous.<br \/>\nPar ailleurs, si vous \u00eates r\u00e9sident(e) europ\u00e9en(ne), notez que nous traitons vos informations dans le but de remplir nos obligations contractuelles \u00e0 votre \u00e9gard (par exemple si vous passez une commande sur le Site) ou de poursuivre nos int\u00e9r\u00eats commerciaux l\u00e9gitimes, \u00e9num\u00e9r\u00e9s ci-dessus.\u00a0 Veuillez \u00e9galement noter que vos informations seront transf\u00e9r\u00e9es hors de l&rsquo;Europe, y compris au Canada et aux \u00c9tats-Unis.<\/p>\n<p>R\u00c9TENTION DES DONN\u00c9ES<br \/>\nLorsque vous passez une commande par l&rsquo;interm\u00e9diaire du Site, nous conservons les Informations sur votre commande dans nos dossiers, sauf si et jusqu&rsquo;\u00e0 ce que vous nous demandiez de les supprimer.<\/p>\n<p>CHANGEMENTS<br \/>\nNous pouvons \u00eatre amen\u00e9s \u00e0 modifier la pr\u00e9sente politique de confidentialit\u00e9 de temps \u00e0 autre afin d&rsquo;y refl\u00e9ter, par exemple, les changements apport\u00e9s \u00e0 nos pratiques ou pour d&rsquo;autres motifs op\u00e9rationnels, juridiques ou r\u00e9glementaires.<br \/>\nNOUS CONTACTER<br \/>\nPour en savoir plus sur nos pratiques de confidentialit\u00e9, si vous avez des questions ou si vous souhaitez d\u00e9poser une r\u00e9clamation, veuillez nous contacter par e-mail \u00e0 contact@doria-bijoux.com ou par courrier \u00e0 l&rsquo;adresse suivante\u00a0:<\/p>\n<p>71-75 SHELTON STREET COVENT GARDEN , Londre, WC2H 9JQ, royaume unis<\/p>","protected":false},"excerpt":{"rendered":"<p>\u00a0 Politique de confidentialit\u00e9 de Bijouterie Plaqu\u00e9 Or La pr\u00e9sente Politique de confidentialit\u00e9 d\u00e9crit la fa\u00e7on dont vos informations personnelles sont recueillies, utilis\u00e9es et partag\u00e9es lorsque vous vous rendez sur\u00a0 ou que vous y effectuez un achat. INFORMATIONS PERSONNELLES RECUEILLIES Lorsque vous vous rendez sur le Site, nous recueillons automatiquement certaines informations concernant votre appareil, [&hellip;]<\/p>\n","protected":false},"author":1,"featured_media":0,"parent":0,"menu_order":0,"comment_status":"closed","ping_status":"closed","template":"","meta":{"inline_featured_image":false,"footnotes":""},"class_list":["post-8301","page","type-page","status-publish","hentry"],"yoast_head":"<!-- This site is optimized with the Yoast SEO plugin v27.3 - https:\/\/yoast.com\/product\/yoast-seo-wordpress\/ -->\n<title>Politique de Confidentialit\u00e9 | Doria Bijoux<\/title>\n<meta name=\"robots\" content=\"index, nofollow, max-snippet:-1, max-image-preview:large, max-video-preview:-1\" \/>\n<link rel=\"canonical\" href=\"https:\/\/doria-bijoux.com\/ar_dz\/politique-de-confidentialite\/\" \/>\n<script type=\"application\/ld+json\" class=\"yoast-schema-graph\">{\"@context\":\"https:\\\/\\\/schema.org\",\"@graph\":[{\"@type\":\"WebPage\",\"@id\":\"https:\\\/\\\/doria-bijoux.com\\\/politique-de-confidentialite\\\/\",\"url\":\"https:\\\/\\\/doria-bijoux.com\\\/politique-de-confidentialite\\\/\",\"name\":\"Politique de Confidentialit\u00e9 | Doria Bijoux\",\"isPartOf\":{\"@id\":\"https:\\\/\\\/doria-bijoux.com\\\/#website\"},\"datePublished\":\"2023-12-15T09:34:55+00:00\",\"dateModified\":\"2025-06-27T17:59:13+00:00\",\"breadcrumb\":{\"@id\":\"https:\\\/\\\/doria-bijoux.com\\\/politique-de-confidentialite\\\/#breadcrumb\"},\"inLanguage\":\"ar\",\"potentialAction\":[{\"@type\":\"ReadAction\",\"target\":[\"https:\\\/\\\/doria-bijoux.com\\\/politique-de-confidentialite\\\/\"]}]},{\"@type\":\"BreadcrumbList\",\"@id\":\"https:\\\/\\\/doria-bijoux.com\\\/politique-de-confidentialite\\\/#breadcrumb\",\"itemListElement\":[{\"@type\":\"ListItem\",\"position\":1,\"name\":\"Accueil\",\"item\":\"https:\\\/\\\/doria-bijoux.com\\\/\"},{\"@type\":\"ListItem\",\"position\":2,\"name\":\"Politique de Confidentialit\u00e9\"}]},{\"@type\":\"WebSite\",\"@id\":\"https:\\\/\\\/doria-bijoux.com\\\/#website\",\"url\":\"https:\\\/\\\/doria-bijoux.com\\\/\",\"name\":\"Bijouterie Plaqu\u00e9 Or\",\"description\":\"Boutique de Bijoux de Luxe\",\"publisher\":{\"@id\":\"https:\\\/\\\/doria-bijoux.com\\\/#organization\"},\"potentialAction\":[{\"@type\":\"SearchAction\",\"target\":{\"@type\":\"EntryPoint\",\"urlTemplate\":\"https:\\\/\\\/doria-bijoux.com\\\/?s={search_term_string}\"},\"query-input\":{\"@type\":\"PropertyValueSpecification\",\"valueRequired\":true,\"valueName\":\"search_term_string\"}}],\"inLanguage\":\"ar\"},{\"@type\":\"Organization\",\"@id\":\"https:\\\/\\\/doria-bijoux.com\\\/#organization\",\"name\":\"Bijouterie plaqu\u00e9 or\",\"url\":\"https:\\\/\\\/doria-bijoux.com\\\/\",\"logo\":{\"@type\":\"ImageObject\",\"inLanguage\":\"ar\",\"@id\":\"https:\\\/\\\/doria-bijoux.com\\\/#\\\/schema\\\/logo\\\/image\\\/\",\"url\":\"https:\\\/\\\/doria-bijoux.com\\\/wp-content\\\/uploads\\\/2026\\\/03\\\/cropped-cropped-doria-bijou-logo-scaled-1.webp\",\"contentUrl\":\"https:\\\/\\\/doria-bijoux.com\\\/wp-content\\\/uploads\\\/2026\\\/03\\\/cropped-cropped-doria-bijou-logo-scaled-1.webp\",\"width\":2424,\"height\":826,\"caption\":\"Bijouterie plaqu\u00e9 or\"},\"image\":{\"@id\":\"https:\\\/\\\/doria-bijoux.com\\\/#\\\/schema\\\/logo\\\/image\\\/\"}}]}<\/script>\n<!-- \/ Yoast SEO plugin. -->","yoast_head_json":{"title":"Politique de Confidentialit\u00e9 | Doria Bijoux","robots":{"index":"index","follow":"nofollow","max-snippet":"max-snippet:-1","max-image-preview":"max-image-preview:large","max-video-preview":"max-video-preview:-1"},"canonical":"https:\/\/doria-bijoux.com\/ar_dz\/politique-de-confidentialite\/","schema":{"@context":"https:\/\/schema.org","@graph":[{"@type":"WebPage","@id":"https:\/\/doria-bijoux.com\/politique-de-confidentialite\/","url":"https:\/\/doria-bijoux.com\/politique-de-confidentialite\/","name":"Politique de Confidentialit\u00e9 | Doria Bijoux","isPartOf":{"@id":"https:\/\/doria-bijoux.com\/#website"},"datePublished":"2023-12-15T09:34:55+00:00","dateModified":"2025-06-27T17:59:13+00:00","breadcrumb":{"@id":"https:\/\/doria-bijoux.com\/politique-de-confidentialite\/#breadcrumb"},"inLanguage":"ar","potentialAction":[{"@type":"ReadAction","target":["https:\/\/doria-bijoux.com\/politique-de-confidentialite\/"]}]},{"@type":"BreadcrumbList","@id":"https:\/\/doria-bijoux.com\/politique-de-confidentialite\/#breadcrumb","itemListElement":[{"@type":"ListItem","position":1,"name":"Accueil","item":"https:\/\/doria-bijoux.com\/"},{"@type":"ListItem","position":2,"name":"Politique de Confidentialit\u00e9"}]},{"@type":"WebSite","@id":"https:\/\/doria-bijoux.com\/#website","url":"https:\/\/doria-bijoux.com\/","name":"Bijouterie Plaqu\u00e9 Or","description":"Boutique de Bijoux de Luxe","publisher":{"@id":"https:\/\/doria-bijoux.com\/#organization"},"potentialAction":[{"@type":"SearchAction","target":{"@type":"EntryPoint","urlTemplate":"https:\/\/doria-bijoux.com\/?s={search_term_string}"},"query-input":{"@type":"PropertyValueSpecification","valueRequired":true,"valueName":"search_term_string"}}],"inLanguage":"ar"},{"@type":"Organization","@id":"https:\/\/doria-bijoux.com\/#organization","name":"Bijouterie plaqu\u00e9 or","url":"https:\/\/doria-bijoux.com\/","logo":{"@type":"ImageObject","inLanguage":"ar","@id":"https:\/\/doria-bijoux.com\/#\/schema\/logo\/image\/","url":"https:\/\/doria-bijoux.com\/wp-content\/uploads\/2026\/03\/cropped-cropped-doria-bijou-logo-scaled-1.webp","contentUrl":"https:\/\/doria-bijoux.com\/wp-content\/uploads\/2026\/03\/cropped-cropped-doria-bijou-logo-scaled-1.webp","width":2424,"height":826,"caption":"Bijouterie plaqu\u00e9 or"},"image":{"@id":"https:\/\/doria-bijoux.com\/#\/schema\/logo\/image\/"}}]}},"jetpack_sharing_enabled":true,"_links":{"self":[{"href":"https:\/\/doria-bijoux.com\/ar_dz\/wp-json\/wp\/v2\/pages\/8301","targetHints":{"allow":["GET"]}}],"collection":[{"href":"https:\/\/doria-bijoux.com\/ar_dz\/wp-json\/wp\/v2\/pages"}],"about":[{"href":"https:\/\/doria-bijoux.com\/ar_dz\/wp-json\/wp\/v2\/types\/page"}],"author":[{"embeddable":true,"href":"https:\/\/doria-bijoux.com\/ar_dz\/wp-json\/wp\/v2\/users\/1"}],"replies":[{"embeddable":true,"href":"https:\/\/doria-bijoux.com\/ar_dz\/wp-json\/wp\/v2\/comments?post=8301"}],"version-history":[{"count":0,"href":"https:\/\/doria-bijoux.com\/ar_dz\/wp-json\/wp\/v2\/pages\/8301\/revisions"}],"wp:attachment":[{"href":"https:\/\/doria-bijoux.com\/ar_dz\/wp-json\/wp\/v2\/media?parent=8301"}],"curies":[{"name":"wp","href":"https:\/\/api.w.org\/{rel}","templated":true}]}}